{"id":2765,"date":"2023-04-27T09:29:07","date_gmt":"2023-04-27T09:29:07","guid":{"rendered":"https:\/\/iceberg.ma\/?page_id=2765"},"modified":"2025-07-11T15:48:03","modified_gmt":"2025-07-11T15:48:03","slug":"contactez-nous","status":"publish","type":"page","link":"https:\/\/iceberg.ma\/fr\/contactez-nous\/","title":{"rendered":"Contact"},"content":{"rendered":"\t\t<div data-elementor-type=\"wp-page\" data-elementor-id=\"2765\" class=\"elementor elementor-2765\" data-elementor-post-type=\"page\">\n\t\t\t\t<div class=\"elementor-element elementor-element-7e28c98 e-flex e-con-boxed e-con e-parent\" data-id=\"7e28c98\" data-element_type=\"container\" data-e-type=\"container\" data-settings=\"{&quot;background_background&quot;:&quot;classic&quot;}\">\n\t\t\t\t\t<div class=\"e-con-inner\">\n\t\t<div class=\"elementor-element elementor-element-c8d78ab e-con-full e-flex e-con e-child\" data-id=\"c8d78ab\" data-element_type=\"container\" data-e-type=\"container\">\n\t\t\t\t<div class=\"elementor-element elementor-element-ac83de3 elementor-widget elementor-widget-heading\" data-id=\"ac83de3\" data-element_type=\"widget\" data-e-type=\"widget\" data-widget_type=\"heading.default\">\n\t\t\t\t<div class=\"elementor-widget-container\">\n\t\t\t\t\t<h1 class=\"elementor-heading-title elementor-size-default\">Contactez-nous<\/h1>\t\t\t\t<\/div>\n\t\t\t\t<\/div>\n\t\t\t\t<div class=\"elementor-element elementor-element-e2d3f70 elementor-widget elementor-widget-heading\" data-id=\"e2d3f70\" data-element_type=\"widget\" data-e-type=\"widget\" data-widget_type=\"heading.default\">\n\t\t\t\t<div class=\"elementor-widget-container\">\n\t\t\t\t\t<span class=\"elementor-heading-title elementor-size-default\">Parlez-nous de votre projet, de vos objectifs, et commen\u00e7ons.<\/span>\t\t\t\t<\/div>\n\t\t\t\t<\/div>\n\t\t\t\t<div class=\"elementor-element elementor-element-fe58615 elementor-widget elementor-widget-heading\" data-id=\"fe58615\" data-element_type=\"widget\" data-e-type=\"widget\" data-widget_type=\"heading.default\">\n\t\t\t\t<div class=\"elementor-widget-container\">\n\t\t\t\t\t<h2 class=\"elementor-heading-title elementor-size-default\">Je m'int\u00e9resse \u00e0<\/h2>\t\t\t\t<\/div>\n\t\t\t\t<\/div>\n\t\t\t\t<div class=\"elementor-element elementor-element-e4282e6 elementor-button-align-start elementor-widget elementor-widget-form\" data-id=\"e4282e6\" data-element_type=\"widget\" data-e-type=\"widget\" data-settings=\"{&quot;step_next_label&quot;:&quot;Next&quot;,&quot;step_previous_label&quot;:&quot;Previous&quot;,&quot;button_width&quot;:&quot;100&quot;,&quot;step_type&quot;:&quot;number_text&quot;,&quot;step_icon_shape&quot;:&quot;circle&quot;}\" data-widget_type=\"form.default\">\n\t\t\t\t<div class=\"elementor-widget-container\">\n\t\t\t\t\t\t\t<form class=\"elementor-form\" method=\"post\" name=\"New Form\" aria-label=\"New Form\">\n\t\t\t<input type=\"hidden\" name=\"post_id\" value=\"2765\"\/>\n\t\t\t<input type=\"hidden\" name=\"form_id\" value=\"e4282e6\"\/>\n\t\t\t<input type=\"hidden\" name=\"referer_title\" value=\"\" \/>\n\n\t\t\t\n\t\t\t<div class=\"elementor-form-fields-wrapper elementor-labels-above\">\n\t\t\t\t\t\t\t\t<div class=\"elementor-field-type-html elementor-field-group elementor-column elementor-field-group-field_790d6af elementor-col-100\">\n\t\t\t\t\t<style>\ninput[type=\"radio\"] {\n    display: none;\n}\n\nlabel {\n    border: 1px solid #98A2B3;\n    border-radius: 7.5px;\n    display: flex;\n    align-items: center;\n    gap: 0.5rem;\n    cursor: pointer;\n}\n\ninput[type=\"radio\"]:checked + span {\n    background-color: #3FA9F5;\n    border-radius: 7.5px;\n    color: white;\n}\nlabel span {\n    display: flex;\n    align-items: center;\n    gap: 0.5rem;\n    padding: 0.5rem 1rem;\n    width: 100%;\n}\n<\/style>\n<div id=\"hix-job-iterested\" class=\"hix-custom-radio-container\">\n    <label for=\"ui-ux\">\n        <input class=\"hix-input-radio\" type=\"radio\" name=\"interested_job\" id=\"ui-ux\" value=\"UI\/UX Design\" \/>\n        <span>\n            <img decoding=\"async\" src=\"https:\/\/iceberg.ma\/wp-content\/uploads\/2025\/03\/ui-ux-icon.svg\" style=\"width:1.5rem;\" alt=\"\" title=\"\">\n            <span>UI\/UX Design<\/span>\n        <\/span>\n    <\/label>\n\n    <label for=\"web-saas\">\n        <input class=\"hix-input-radio\" type=\"radio\" name=\"interested_job\" id=\"web-saas\" value=\"WEB\/SaaS\" \/>\n        <span>\n            <img decoding=\"async\" src=\"https:\/\/iceberg.ma\/wp-content\/uploads\/2025\/03\/websass.svg\" style=\"width:1.5rem;\" alt=\"\" title=\"\">\n            <span>WEB\/SaaS<\/span>\n        <\/span>\n    <\/label>\n\n    <label for=\"mobile-app\">\n        <input class=\"hix-input-radio\" type=\"radio\" name=\"interested_job\" id=\"mobile-app\" value=\"Mobile APP Design\" \/>\n        <span>\n            <img decoding=\"async\" src=\"https:\/\/iceberg.ma\/wp-content\/uploads\/2025\/03\/mobile-app.svg\" style=\"width:1.5rem;\" alt=\"\" title=\"\">\n            <span>Mobile APP Design<\/span>\n        <\/span>\n    <\/label>\n\n    <label for=\"visual-branding\">\n        <input class=\"hix-input-radio\" type=\"radio\" name=\"interested_job\" id=\"visual-branding\" value=\"Visual Branding\" \/>\n        <span>\n            <img decoding=\"async\" src=\"https:\/\/iceberg.ma\/wp-content\/uploads\/2025\/03\/VISUAL-BRANDING-.svg\" style=\"width:1.5rem;\" alt=\"\" title=\"\">\n            <span>Visual Branding<\/span>\n        <\/span>\n    <\/label>\n<\/div>\n\n\n\t\t\t\t<\/div>\n\t\t\t\t\t\t\t\t<div class=\"elementor-field-type-text elementor-field-group elementor-column elementor-field-group-field_45d33d5 elementor-col-50\">\n\t\t\t\t\t\t\t\t\t\t\t\t\t<input size=\"1\" type=\"text\" name=\"form_fields[field_45d33d5]\" id=\"form-field-field_45d33d5\" class=\"elementor-field elementor-size-lg  elementor-field-textual\" placeholder=\"Nom complet\">\n\t\t\t\t\t\t\t\t\t\t\t<\/div>\n\t\t\t\t\t\t\t\t<div class=\"elementor-field-type-email elementor-field-group elementor-column elementor-field-group-field_9ffca09 elementor-col-50 elementor-field-required\">\n\t\t\t\t\t\t\t\t\t\t\t\t\t<input size=\"1\" type=\"email\" name=\"form_fields[field_9ffca09]\" id=\"form-field-field_9ffca09\" class=\"elementor-field elementor-size-lg  elementor-field-textual\" placeholder=\"E-mail\" required=\"required\">\n\t\t\t\t\t\t\t\t\t\t\t<\/div>\n\t\t\t\t\t\t\t\t<div class=\"elementor-field-type-textarea elementor-field-group elementor-column elementor-field-group-field_5b97090 elementor-col-100 elementor-field-required\">\n\t\t\t\t\t<textarea class=\"elementor-field-textual elementor-field  elementor-size-lg\" name=\"form_fields[field_5b97090]\" id=\"form-field-field_5b97090\" rows=\"6\" placeholder=\"D\u00e9crire votre projet\" required=\"required\"><\/textarea>\t\t\t\t<\/div>\n\t\t\t\t\t\t\t\t<div class=\"elementor-field-type-hidden elementor-field-group elementor-column elementor-field-group-interested_job_value elementor-col-100\">\n\t\t\t\t\t\t\t\t\t\t\t\t\t<input size=\"1\" type=\"hidden\" name=\"form_fields[interested_job_value]\" id=\"form-field-interested_job_value\" class=\"elementor-field elementor-size-lg  elementor-field-textual\">\n\t\t\t\t\t\t\t\t\t\t\t<\/div>\n\t\t\t\t\t\t\t\t<div class=\"elementor-field-group elementor-column elementor-field-type-submit elementor-col-100 e-form__buttons\">\n\t\t\t\t\t<button class=\"elementor-button elementor-size-sm\" type=\"submit\" id=\"hix-form-btn\">\n\t\t\t\t\t\t<span class=\"elementor-button-content-wrapper\">\n\t\t\t\t\t\t\t\t\t\t\t\t\t\t\t\t\t\t\t\t\t\t<span class=\"elementor-button-text\">Envoyer un message<\/span>\n\t\t\t\t\t\t\t\t\t\t\t\t\t<\/span>\n\t\t\t\t\t<\/button>\n\t\t\t\t<\/div>\n\t\t\t<\/div>\n\t\t<\/form>\n\t\t\t\t\t\t<\/div>\n\t\t\t\t<\/div>\n\t\t\t\t<\/div>\n\t\t<div class=\"elementor-element elementor-element-d0ff77a e-con-full e-flex e-con e-child\" data-id=\"d0ff77a\" data-element_type=\"container\" data-e-type=\"container\">\n\t\t<div class=\"elementor-element elementor-element-daa3578 elementor-hidden-mobile e-flex e-con-boxed e-con e-child\" data-id=\"daa3578\" data-element_type=\"container\" data-e-type=\"container\" data-settings=\"{&quot;position&quot;:&quot;absolute&quot;}\">\n\t\t\t\t\t<div class=\"e-con-inner\">\n\t\t\t\t<div class=\"elementor-element elementor-element-052e069 elementor-widget__width-inherit elementor-widget elementor-widget-image\" data-id=\"052e069\" data-element_type=\"widget\" data-e-type=\"widget\" data-widget_type=\"image.default\">\n\t\t\t\t<div class=\"elementor-widget-container\">\n\t\t\t\t\t\t\t\t\t\t\t\t\t\t\t<img fetchpriority=\"high\" decoding=\"async\" width=\"654\" height=\"1596\" src=\"https:\/\/iceberg.ma\/wp-content\/uploads\/2023\/04\/COTACT-US.png\" class=\"attachment-full size-full wp-image-797\" alt=\"\" srcset=\"https:\/\/iceberg.ma\/wp-content\/uploads\/2023\/04\/COTACT-US.png 654w, https:\/\/iceberg.ma\/wp-content\/uploads\/2023\/04\/COTACT-US-123x300.png 123w, https:\/\/iceberg.ma\/wp-content\/uploads\/2023\/04\/COTACT-US-420x1024.png 420w, https:\/\/iceberg.ma\/wp-content\/uploads\/2023\/04\/COTACT-US-629x1536.png 629w\" sizes=\"(max-width: 654px) 100vw, 654px\" title=\"\">\t\t\t\t\t\t\t\t\t\t\t\t\t\t\t<\/div>\n\t\t\t\t<\/div>\n\t\t\t\t\t<\/div>\n\t\t\t\t<\/div>\n\t\t<div class=\"elementor-element elementor-element-4b2d6cf e-flex e-con-boxed e-con e-child\" data-id=\"4b2d6cf\" data-element_type=\"container\" data-e-type=\"container\" data-settings=\"{&quot;background_background&quot;:&quot;classic&quot;}\">\n\t\t\t\t\t<div class=\"e-con-inner\">\n\t\t\t\t<div class=\"elementor-element elementor-element-241b75e elementor-widget elementor-widget-heading\" data-id=\"241b75e\" data-element_type=\"widget\" data-e-type=\"widget\" data-widget_type=\"heading.default\">\n\t\t\t\t<div class=\"elementor-widget-container\">\n\t\t\t\t\t<span class=\"elementor-heading-title elementor-size-default\">Vous avez une id\u00e9e de projet en t\u00eate ? N'h\u00e9sitez pas \u00e0 nous contacter. Cela prend moins d'une minute et nous vous r\u00e9pondrons dans les 24 heures.<\/span>\t\t\t\t<\/div>\n\t\t\t\t<\/div>\n\t\t\t\t<div class=\"elementor-element elementor-element-95706e7 elementor-align-center elementor-widget elementor-widget-ld_button\" data-id=\"95706e7\" data-element_type=\"widget\" data-e-type=\"widget\" data-widget_type=\"ld_button.default\">\n\t\t\t\t<div class=\"elementor-widget-container\">\n\t\t\t\t\t\n\t\t\t<a\n\t\t\t\thref=\"mailto:Contact@iceberg.com\"class=\"elementor-button btn btn-naked btn-icon-left btn-has-label\"\t\t\t>\n\t\t\t\t\t\t\t\t\t<span data-text=\"contact@iceberg.ma\" class=\"btn-txt\">\n\t\t\t\t\t\tcontact@iceberg.ma\t\t\t\t\t<\/span>\n\t\t\t\t\t\t\t\t\t\t\t\t\t\t<span class=\"btn-icon\">\n\t\t\t\t\t\t\t<i aria-hidden=\"true\" class=\"fas fa-envelope\"><\/i>\t\t\t\t\t\t<\/span>\n\t\t\t\t\t\t\t\t\t<\/a>\n\t\t\t\t\t\t\t<\/div>\n\t\t\t\t<\/div>\n\t\t\t\t<div class=\"elementor-element elementor-element-d5e1eaf elementor-align-center elementor-widget elementor-widget-ld_button\" data-id=\"d5e1eaf\" data-element_type=\"widget\" data-e-type=\"widget\" data-widget_type=\"ld_button.default\">\n\t\t\t\t<div class=\"elementor-widget-container\">\n\t\t\t\t\t\n\t\t\t<a\n\t\t\t\thref=\"tel:+212606475635\"class=\"elementor-button btn btn-naked btn-icon-left btn-has-label\"\t\t\t>\n\t\t\t\t\t\t\t\t\t<span data-text=\"+212 606 475 635\" class=\"btn-txt\">\n\t\t\t\t\t\t+212 606 475 635\t\t\t\t\t<\/span>\n\t\t\t\t\t\t\t\t\t\t\t\t\t\t<span class=\"btn-icon\">\n\t\t\t\t\t\t\t<i aria-hidden=\"true\" class=\"fas fa-phone-alt\"><\/i>\t\t\t\t\t\t<\/span>\n\t\t\t\t\t\t\t\t\t<\/a>\n\t\t\t\t\t\t\t<\/div>\n\t\t\t\t<\/div>\n\t\t\t\t\t<\/div>\n\t\t\t\t<\/div>\n\t\t\t\t<\/div>\n\t\t\t\t\t<\/div>\n\t\t\t\t<\/div>\n\t\t\t\t<\/div>\n\t\t","protected":false},"excerpt":{"rendered":"<p>Contactez-nous Parlez-nous de votre projet, de vos objectifs, et commen\u00e7ons. Je m&rsquo;int\u00e9resse \u00e0 Vous avez une id\u00e9e de projet en t\u00eate ? N&rsquo;h\u00e9sitez pas \u00e0 nous contacter. Cela prend moins d&rsquo;une minute et nous vous r\u00e9pondrons dans les 24 heures. contact@iceberg.ma +212 606 475 635<\/p>\n","protected":false},"author":1,"featured_media":0,"parent":0,"menu_order":0,"comment_status":"closed","ping_status":"closed","template":"","meta":{"_acf_changed":false,"footnotes":""},"class_list":["post-2765","page","type-page","status-publish","hentry"],"acf":[],"_links":{"self":[{"href":"https:\/\/iceberg.ma\/fr\/wp-json\/wp\/v2\/pages\/2765","targetHints":{"allow":["GET"]}}],"collection":[{"href":"https:\/\/iceberg.ma\/fr\/wp-json\/wp\/v2\/pages"}],"about":[{"href":"https:\/\/iceberg.ma\/fr\/wp-json\/wp\/v2\/types\/page"}],"author":[{"embeddable":true,"href":"https:\/\/iceberg.ma\/fr\/wp-json\/wp\/v2\/users\/1"}],"replies":[{"embeddable":true,"href":"https:\/\/iceberg.ma\/fr\/wp-json\/wp\/v2\/comments?post=2765"}],"version-history":[{"count":45,"href":"https:\/\/iceberg.ma\/fr\/wp-json\/wp\/v2\/pages\/2765\/revisions"}],"predecessor-version":[{"id":3768,"href":"https:\/\/iceberg.ma\/fr\/wp-json\/wp\/v2\/pages\/2765\/revisions\/3768"}],"wp:attachment":[{"href":"https:\/\/iceberg.ma\/fr\/wp-json\/wp\/v2\/media?parent=2765"}],"curies":[{"name":"wp","href":"https:\/\/api.w.org\/{rel}","templated":true}]}}